{"id":14,"date":"2025-08-13T06:33:01","date_gmt":"2025-08-13T06:33:01","guid":{"rendered":"https:\/\/kaioasurf.rkinformatika.online\/?page_id=14"},"modified":"2025-08-18T08:06:58","modified_gmt":"2025-08-18T08:06:58","slug":"inicio","status":"publish","type":"page","link":"https:\/\/kaioasurf.es\/eu\/","title":{"rendered":"Hasiera"},"content":{"rendered":"\t\t<div data-elementor-type=\"wp-page\" data-elementor-id=\"14\" class=\"elementor elementor-14\" data-elementor-post-type=\"page\">\n\t\t\t\t<div class=\"elementor-element elementor-element-72d1951 e-con-full e-flex e-con e-parent\" data-id=\"72d1951\" data-element_type=\"container\" data-e-type=\"container\" data-settings=\"{&quot;background_background&quot;:&quot;classic&quot;,&quot;background_motion_fx_motion_fx_scrolling&quot;:&quot;yes&quot;,&quot;background_motion_fx_devices&quot;:[&quot;desktop&quot;,&quot;tablet&quot;,&quot;mobile&quot;]}\">\n\t\t\t\t<div class=\"elementor-element elementor-element-4c36f25 elementor-widget elementor-widget-heading\" data-id=\"4c36f25\" data-element_type=\"widget\" data-e-type=\"widget\" data-widget_type=\"heading.default\">\n\t\t\t\t\t<h2 class=\"elementor-heading-title elementor-size-default\">kaioa Surf-Shop<\/h2>\t\t\t\t<\/div>\n\t\t\t\t<\/div>\n\t\t<div class=\"elementor-element elementor-element-97bd2da e-flex e-con-boxed e-con e-parent\" data-id=\"97bd2da\" data-element_type=\"container\" data-e-type=\"container\" data-settings=\"{&quot;background_background&quot;:&quot;classic&quot;}\">\n\t\t\t\t\t<div class=\"e-con-inner\">\n\t\t<div class=\"elementor-element elementor-element-b927e23 e-con-full e-flex elementor-invisible e-con e-child\" data-id=\"b927e23\" data-element_type=\"container\" data-e-type=\"container\" data-settings=\"{&quot;animation&quot;:&quot;fadeInLeft&quot;}\">\n\t\t\t\t<div class=\"elementor-element elementor-element-773d14b elementor-widget elementor-widget-image\" data-id=\"773d14b\" data-element_type=\"widget\" data-e-type=\"widget\" data-widget_type=\"image.default\">\n\t\t\t\t\t\t\t\t\t\t\t\t\t\t\t<img fetchpriority=\"high\" decoding=\"async\" width=\"800\" height=\"534\" src=\"https:\/\/kaioasurf.es\/wp-content\/uploads\/2025\/08\/21654486-1024x683.jpg\" class=\"attachment-large size-large wp-image-210\" alt=\"\" srcset=\"https:\/\/kaioasurf.es\/wp-content\/uploads\/2025\/08\/21654486-1024x683.jpg 1024w, https:\/\/kaioasurf.es\/wp-content\/uploads\/2025\/08\/21654486-300x200.jpg 300w, https:\/\/kaioasurf.es\/wp-content\/uploads\/2025\/08\/21654486-768x512.jpg 768w, https:\/\/kaioasurf.es\/wp-content\/uploads\/2025\/08\/21654486-18x12.jpg 18w, https:\/\/kaioasurf.es\/wp-content\/uploads\/2025\/08\/21654486.jpg 1500w\" sizes=\"(max-width: 800px) 100vw, 800px\" \/>\t\t\t\t\t\t\t\t\t\t\t\t\t\t\t<\/div>\n\t\t\t\t<\/div>\n\t\t<div class=\"elementor-element elementor-element-8f8c148 e-con-full e-flex e-con e-child\" data-id=\"8f8c148\" data-element_type=\"container\" data-e-type=\"container\">\n\t\t\t\t<div class=\"elementor-element elementor-element-5b78654 elementor-widget elementor-widget-heading\" data-id=\"5b78654\" data-element_type=\"widget\" data-e-type=\"widget\" data-widget_type=\"heading.default\">\n\t\t\t\t\t<h2 class=\"elementor-heading-title elementor-size-default\">Sobre Nosotros<\/h2>\t\t\t\t<\/div>\n\t\t\t\t<div class=\"elementor-element elementor-element-5077210 elementor-widget elementor-widget-text-editor\" data-id=\"5077210\" data-element_type=\"widget\" data-e-type=\"widget\" data-widget_type=\"text-editor.default\">\n\t\t\t\t\t\t\t\t\t<p data-start=\"116\" data-end=\"309\">En Kaioa Surf-Shop vivimos y respiramos surf. Nacimos en el coraz\u00f3n de Deusto, Bilbao, con la ilusi\u00f3n de acercar el mar y su energ\u00eda a todos los que comparten nuestra pasi\u00f3n por las olas.<\/p><p data-start=\"311\" data-end=\"565\">Nuestro espacio no es solo una tienda: es un punto de encuentro para surfistas, viajeros y amantes de la vida junto al mar. Aqu\u00ed encontrar\u00e1s ropas y accesorios de marcas que cuidan la calidad, el estilo y el respeto por el oc\u00e9ano.<\/p>\t\t\t\t\t\t\t\t<\/div>\n\t\t\t\t<\/div>\n\t\t\t\t\t<\/div>\n\t\t\t\t<\/div>\n\t\t<div class=\"elementor-element elementor-element-decfafc e-flex e-con-boxed e-con e-parent\" data-id=\"decfafc\" data-element_type=\"container\" data-e-type=\"container\" data-settings=\"{&quot;background_background&quot;:&quot;classic&quot;}\">\n\t\t\t\t\t<div class=\"e-con-inner\">\n\t\t\t\t<div class=\"elementor-element elementor-element-7df8b65 elementor-invisible elementor-widget elementor-widget-heading\" data-id=\"7df8b65\" data-element_type=\"widget\" data-e-type=\"widget\" data-settings=\"{&quot;_animation&quot;:&quot;fadeInDown&quot;,&quot;motion_fx_motion_fx_scrolling&quot;:&quot;yes&quot;,&quot;motion_fx_opacity_effect&quot;:&quot;yes&quot;,&quot;motion_fx_opacity_direction&quot;:&quot;out-in-out&quot;,&quot;motion_fx_opacity_range&quot;:{&quot;unit&quot;:&quot;%&quot;,&quot;size&quot;:&quot;&quot;,&quot;sizes&quot;:{&quot;start&quot;:37,&quot;end&quot;:100}},&quot;motion_fx_opacity_level&quot;:{&quot;unit&quot;:&quot;px&quot;,&quot;size&quot;:10,&quot;sizes&quot;:[]},&quot;motion_fx_devices&quot;:[&quot;desktop&quot;,&quot;tablet&quot;,&quot;mobile&quot;]}\" data-widget_type=\"heading.default\">\n\t\t\t\t\t<h2 class=\"elementor-heading-title elementor-size-default\">Nuevas colecciones, misma pasi\u00f3n por las olas<\/h2>\t\t\t\t<\/div>\n\t\t\t\t<div class=\"elementor-element elementor-element-770a83a elementor-invisible elementor-widget elementor-widget-text-editor\" data-id=\"770a83a\" data-element_type=\"widget\" data-e-type=\"widget\" data-settings=\"{&quot;_animation&quot;:&quot;fadeInUp&quot;,&quot;motion_fx_motion_fx_scrolling&quot;:&quot;yes&quot;,&quot;motion_fx_opacity_effect&quot;:&quot;yes&quot;,&quot;motion_fx_opacity_direction&quot;:&quot;out-in-out&quot;,&quot;motion_fx_opacity_range&quot;:{&quot;unit&quot;:&quot;%&quot;,&quot;size&quot;:&quot;&quot;,&quot;sizes&quot;:{&quot;start&quot;:37,&quot;end&quot;:100}},&quot;motion_fx_opacity_level&quot;:{&quot;unit&quot;:&quot;px&quot;,&quot;size&quot;:10,&quot;sizes&quot;:[]},&quot;motion_fx_devices&quot;:[&quot;desktop&quot;,&quot;tablet&quot;,&quot;mobile&quot;]}\" data-widget_type=\"text-editor.default\">\n\t\t\t\t\t\t\t\t\t<p data-start=\"540\" data-end=\"715\">Invitamos a descubrir nuestra colecci\u00f3n de zapatos, ropa, mochilas, bolsos, chancletas y gafas, pensada para que lleves el estilo del mar a cada paso de tu d\u00eda.<\/p>\t\t\t\t\t\t\t\t<\/div>\n\t\t\t\t<div class=\"elementor-element elementor-element-9ad0832 elementor-tablet-align-center animated-slow elementor-invisible elementor-widget elementor-widget-button\" data-id=\"9ad0832\" data-element_type=\"widget\" data-e-type=\"widget\" data-settings=\"{&quot;_animation&quot;:&quot;fadeInUp&quot;,&quot;_animation_tablet&quot;:&quot;fadeInUp&quot;,&quot;_animation_mobile&quot;:&quot;fadeInUp&quot;}\" data-widget_type=\"button.default\">\n\t\t\t\t\t\t\t\t\t\t<a class=\"elementor-button elementor-button-link elementor-size-sm\" href=\"https:\/\/kaioasurf.es\/productos\/\">\n\t\t\t\t\t\t<span class=\"elementor-button-content-wrapper\">\n\t\t\t\t\t\t\t\t\t<span class=\"elementor-button-text\">Productos<\/span>\n\t\t\t\t\t<\/span>\n\t\t\t\t\t<\/a>\n\t\t\t\t\t\t\t\t<\/div>\n\t\t\t\t\t<\/div>\n\t\t\t\t<\/div>\n\t\t\t\t<\/div>\n\t\t","protected":false},"excerpt":{"rendered":"<p>kaioa Surf-Shop Sobre Nosotros En Kaioa Surf-Shop vivimos y respiramos surf. Nacimos en el coraz\u00f3n de Deusto, Bilbao, con la ilusi\u00f3n de acercar el mar y su energ\u00eda a todos los que comparten nuestra pasi\u00f3n por las olas. Nuestro espacio no es solo una tienda: es un punto de encuentro para surfistas, viajeros y amantes [&hellip;]<\/p>\n","protected":false},"author":1,"featured_media":0,"parent":0,"menu_order":0,"comment_status":"closed","ping_status":"closed","template":"elementor_canvas","meta":{"footnotes":""},"class_list":["post-14","page","type-page","status-publish","hentry"],"yoast_head":"<!-- This site is optimized with the Yoast SEO plugin v27.3 - https:\/\/yoast.com\/product\/yoast-seo-wordpress\/ -->\n<title>Inicio - Kaioa Surf<\/title>\n<meta name=\"robots\" content=\"index, follow, max-snippet:-1, max-image-preview:large, max-video-preview:-1\" \/>\n<link rel=\"canonical\" href=\"https:\/\/kaioasurf.es\/eu\/\" \/>\n<meta property=\"og:locale\" content=\"en_US\" \/>\n<meta property=\"og:type\" content=\"article\" \/>\n<meta property=\"og:title\" content=\"Inicio - Kaioa Surf\" \/>\n<meta property=\"og:description\" content=\"kaioa Surf-Shop Sobre Nosotros En Kaioa Surf-Shop vivimos y respiramos surf. Nacimos en el coraz\u00f3n de Deusto, Bilbao, con la ilusi\u00f3n de acercar el mar y su energ\u00eda a todos los que comparten nuestra pasi\u00f3n por las olas. Nuestro espacio no es solo una tienda: es un punto de encuentro para surfistas, viajeros y amantes [&hellip;]\" \/>\n<meta property=\"og:url\" content=\"https:\/\/kaioasurf.es\/eu\/\" \/>\n<meta property=\"og:site_name\" content=\"Kaioa Surf\" \/>\n<meta property=\"article:modified_time\" content=\"2025-08-18T08:06:58+00:00\" \/>\n<meta property=\"og:image\" content=\"https:\/\/kaioasurf.es\/wp-content\/uploads\/2025\/08\/21654486-1024x683.jpg\" \/>\n<meta name=\"twitter:card\" content=\"summary_large_image\" \/>\n<meta name=\"twitter:label1\" content=\"Est. reading time\" \/>\n\t<meta name=\"twitter:data1\" content=\"1 minutua\" \/>\n<script type=\"application\/ld+json\" class=\"yoast-schema-graph\">{\"@context\":\"https:\\\/\\\/schema.org\",\"@graph\":[{\"@type\":\"WebPage\",\"@id\":\"https:\\\/\\\/kaioasurf.es\\\/\",\"url\":\"https:\\\/\\\/kaioasurf.es\\\/\",\"name\":\"Inicio - Kaioa Surf\",\"isPartOf\":{\"@id\":\"https:\\\/\\\/kaioasurf.es\\\/#website\"},\"primaryImageOfPage\":{\"@id\":\"https:\\\/\\\/kaioasurf.es\\\/#primaryimage\"},\"image\":{\"@id\":\"https:\\\/\\\/kaioasurf.es\\\/#primaryimage\"},\"thumbnailUrl\":\"https:\\\/\\\/kaioasurf.es\\\/wp-content\\\/uploads\\\/2025\\\/08\\\/21654486-1024x683.jpg\",\"datePublished\":\"2025-08-13T06:33:01+00:00\",\"dateModified\":\"2025-08-18T08:06:58+00:00\",\"breadcrumb\":{\"@id\":\"https:\\\/\\\/kaioasurf.es\\\/#breadcrumb\"},\"inLanguage\":\"eu\",\"potentialAction\":[{\"@type\":\"ReadAction\",\"target\":[\"https:\\\/\\\/kaioasurf.es\\\/\"]}]},{\"@type\":\"ImageObject\",\"inLanguage\":\"eu\",\"@id\":\"https:\\\/\\\/kaioasurf.es\\\/#primaryimage\",\"url\":\"https:\\\/\\\/kaioasurf.es\\\/wp-content\\\/uploads\\\/2025\\\/08\\\/21654486-1024x683.jpg\",\"contentUrl\":\"https:\\\/\\\/kaioasurf.es\\\/wp-content\\\/uploads\\\/2025\\\/08\\\/21654486-1024x683.jpg\"},{\"@type\":\"BreadcrumbList\",\"@id\":\"https:\\\/\\\/kaioasurf.es\\\/#breadcrumb\",\"itemListElement\":[{\"@type\":\"ListItem\",\"position\":1,\"name\":\"Portada\",\"item\":\"https:\\\/\\\/kaioasurf.es\\\/\"},{\"@type\":\"ListItem\",\"position\":2,\"name\":\"Inicio\"}]},{\"@type\":\"WebSite\",\"@id\":\"https:\\\/\\\/kaioasurf.es\\\/#website\",\"url\":\"https:\\\/\\\/kaioasurf.es\\\/\",\"name\":\"Kaioa Surf\",\"description\":\"Venta de ropa y complementos de surf\",\"publisher\":{\"@id\":\"https:\\\/\\\/kaioasurf.es\\\/#organization\"},\"potentialAction\":[{\"@type\":\"SearchAction\",\"target\":{\"@type\":\"EntryPoint\",\"urlTemplate\":\"https:\\\/\\\/kaioasurf.es\\\/?s={search_term_string}\"},\"query-input\":{\"@type\":\"PropertyValueSpecification\",\"valueRequired\":true,\"valueName\":\"search_term_string\"}}],\"inLanguage\":\"eu\"},{\"@type\":\"Organization\",\"@id\":\"https:\\\/\\\/kaioasurf.es\\\/#organization\",\"name\":\"Kaioa Surf\",\"url\":\"https:\\\/\\\/kaioasurf.es\\\/\",\"logo\":{\"@type\":\"ImageObject\",\"inLanguage\":\"eu\",\"@id\":\"https:\\\/\\\/kaioasurf.es\\\/#\\\/schema\\\/logo\\\/image\\\/\",\"url\":\"https:\\\/\\\/kaioasurf.es\\\/wp-content\\\/uploads\\\/2025\\\/08\\\/cropped-sin-fondo.png\",\"contentUrl\":\"https:\\\/\\\/kaioasurf.es\\\/wp-content\\\/uploads\\\/2025\\\/08\\\/cropped-sin-fondo.png\",\"width\":1265,\"height\":559,\"caption\":\"Kaioa Surf\"},\"image\":{\"@id\":\"https:\\\/\\\/kaioasurf.es\\\/#\\\/schema\\\/logo\\\/image\\\/\"}}]}<\/script>\n<!-- \/ Yoast SEO plugin. -->","yoast_head_json":{"title":"Inicio - Kaioa Surf","robots":{"index":"index","follow":"follow","max-snippet":"max-snippet:-1","max-image-preview":"max-image-preview:large","max-video-preview":"max-video-preview:-1"},"canonical":"https:\/\/kaioasurf.es\/eu\/","og_locale":"en_US","og_type":"article","og_title":"Inicio - Kaioa Surf","og_description":"kaioa Surf-Shop Sobre Nosotros En Kaioa Surf-Shop vivimos y respiramos surf. Nacimos en el coraz\u00f3n de Deusto, Bilbao, con la ilusi\u00f3n de acercar el mar y su energ\u00eda a todos los que comparten nuestra pasi\u00f3n por las olas. Nuestro espacio no es solo una tienda: es un punto de encuentro para surfistas, viajeros y amantes [&hellip;]","og_url":"https:\/\/kaioasurf.es\/eu\/","og_site_name":"Kaioa Surf","article_modified_time":"2025-08-18T08:06:58+00:00","og_image":[{"url":"https:\/\/kaioasurf.es\/wp-content\/uploads\/2025\/08\/21654486-1024x683.jpg","type":"","width":"","height":""}],"twitter_card":"summary_large_image","twitter_misc":{"Est. reading time":"1 minutua"},"schema":{"@context":"https:\/\/schema.org","@graph":[{"@type":"WebPage","@id":"https:\/\/kaioasurf.es\/","url":"https:\/\/kaioasurf.es\/","name":"Inicio - Kaioa Surf","isPartOf":{"@id":"https:\/\/kaioasurf.es\/#website"},"primaryImageOfPage":{"@id":"https:\/\/kaioasurf.es\/#primaryimage"},"image":{"@id":"https:\/\/kaioasurf.es\/#primaryimage"},"thumbnailUrl":"https:\/\/kaioasurf.es\/wp-content\/uploads\/2025\/08\/21654486-1024x683.jpg","datePublished":"2025-08-13T06:33:01+00:00","dateModified":"2025-08-18T08:06:58+00:00","breadcrumb":{"@id":"https:\/\/kaioasurf.es\/#breadcrumb"},"inLanguage":"eu","potentialAction":[{"@type":"ReadAction","target":["https:\/\/kaioasurf.es\/"]}]},{"@type":"ImageObject","inLanguage":"eu","@id":"https:\/\/kaioasurf.es\/#primaryimage","url":"https:\/\/kaioasurf.es\/wp-content\/uploads\/2025\/08\/21654486-1024x683.jpg","contentUrl":"https:\/\/kaioasurf.es\/wp-content\/uploads\/2025\/08\/21654486-1024x683.jpg"},{"@type":"BreadcrumbList","@id":"https:\/\/kaioasurf.es\/#breadcrumb","itemListElement":[{"@type":"ListItem","position":1,"name":"Portada","item":"https:\/\/kaioasurf.es\/"},{"@type":"ListItem","position":2,"name":"Inicio"}]},{"@type":"WebSite","@id":"https:\/\/kaioasurf.es\/#website","url":"https:\/\/kaioasurf.es\/","name":"Kaioa Surf","description":"Venta de ropa y complementos de surf","publisher":{"@id":"https:\/\/kaioasurf.es\/#organization"},"potentialAction":[{"@type":"SearchAction","target":{"@type":"EntryPoint","urlTemplate":"https:\/\/kaioasurf.es\/?s={search_term_string}"},"query-input":{"@type":"PropertyValueSpecification","valueRequired":true,"valueName":"search_term_string"}}],"inLanguage":"eu"},{"@type":"Organization","@id":"https:\/\/kaioasurf.es\/#organization","name":"Kaioa Surf","url":"https:\/\/kaioasurf.es\/","logo":{"@type":"ImageObject","inLanguage":"eu","@id":"https:\/\/kaioasurf.es\/#\/schema\/logo\/image\/","url":"https:\/\/kaioasurf.es\/wp-content\/uploads\/2025\/08\/cropped-sin-fondo.png","contentUrl":"https:\/\/kaioasurf.es\/wp-content\/uploads\/2025\/08\/cropped-sin-fondo.png","width":1265,"height":559,"caption":"Kaioa Surf"},"image":{"@id":"https:\/\/kaioasurf.es\/#\/schema\/logo\/image\/"}}]}},"_links":{"self":[{"href":"https:\/\/kaioasurf.es\/eu\/wp-json\/wp\/v2\/pages\/14","targetHints":{"allow":["GET"]}}],"collection":[{"href":"https:\/\/kaioasurf.es\/eu\/wp-json\/wp\/v2\/pages"}],"about":[{"href":"https:\/\/kaioasurf.es\/eu\/wp-json\/wp\/v2\/types\/page"}],"author":[{"embeddable":true,"href":"https:\/\/kaioasurf.es\/eu\/wp-json\/wp\/v2\/users\/1"}],"replies":[{"embeddable":true,"href":"https:\/\/kaioasurf.es\/eu\/wp-json\/wp\/v2\/comments?post=14"}],"version-history":[{"count":64,"href":"https:\/\/kaioasurf.es\/eu\/wp-json\/wp\/v2\/pages\/14\/revisions"}],"predecessor-version":[{"id":392,"href":"https:\/\/kaioasurf.es\/eu\/wp-json\/wp\/v2\/pages\/14\/revisions\/392"}],"wp:attachment":[{"href":"https:\/\/kaioasurf.es\/eu\/wp-json\/wp\/v2\/media?parent=14"}],"curies":[{"name":"wp","href":"https:\/\/api.w.org\/{rel}","templated":true}]}}